{"id":81,"date":"2025-11-04T20:48:52","date_gmt":"2025-11-04T20:48:52","guid":{"rendered":"https:\/\/goldcerezim.com\/?page_id=81"},"modified":"2025-12-13T01:08:30","modified_gmt":"2025-12-13T01:08:30","slug":"kurumsal","status":"publish","type":"page","link":"https:\/\/goldcerezim.com\/index.php\/kurumsal\/","title":{"rendered":"Kurumsal"},"content":{"rendered":"<p><img loading=\"lazy\" decoding=\"async\" width=\"667\" height=\"1000\" src=\"https:\/\/goldcerezim.com\/wp-content\/uploads\/2025\/12\/c02cbf7556.jpg\" alt=\"\" srcset=\"https:\/\/goldcerezim.com\/wp-content\/uploads\/2025\/12\/c02cbf7556.jpg 667w, https:\/\/goldcerezim.com\/wp-content\/uploads\/2025\/12\/c02cbf7556-200x300.jpg 200w, https:\/\/goldcerezim.com\/wp-content\/uploads\/2025\/12\/c02cbf7556-600x900.jpg 600w\" sizes=\"auto, (max-width: 667px) 100vw, 667px\" \/>\t\t\t\t\t\t\t\t\t\t\t\t\t<\/p>\n<p>Gold \u00c7erezim olarak, sizlere sundu\u011fumuz her bir kuruyemi\u015f tanesinin, do\u011fan\u0131n bize bah\u015fetti\u011fi\u00a0<b>en taze ve en lezzetli<\/b>\u00a0haliyle sofran\u0131za ula\u015fmas\u0131 i\u00e7in titizlikle \u00e7al\u0131\u015f\u0131yoruz. \u0130malat s\u00fcrecimiz, tazelik ve kaliteyi esas alan, geleneksel y\u00f6ntemlerle modern teknolojinin harmanland\u0131\u011f\u0131 \u00f6zel bir yolculuktur.<\/p>\n<p>\u00d6ncelikle, d\u00fcnyan\u0131n d\u00f6rt bir yan\u0131ndan gelen\u00a0<b>en kaliteli Kuruyemi\u015fler<\/b>\u00a0\u00f6zenle se\u00e7ilir. Her \u00fcr\u00fcn, alan\u0131nda uzman ekibimiz taraf\u0131ndan s\u0131k\u0131 kalite kontrol testlerinden ge\u00e7irilir.<\/p>\n<p>Tesislerimizde, kuruyemi\u015flerin lezzetini doru\u011fa \u00e7\u0131karan\u00a0<b>\u00f6zel kavurma teknikleri<\/b>\u00a0uygulan\u0131r. Bu teknikler sayesinde, her bir \u00e7ekirdek ve f\u0131nd\u0131k i\u00e7i, hem ideal \u00e7\u0131t\u0131rl\u0131\u011fa ula\u015f\u0131r hem de do\u011fal aromas\u0131n\u0131 korur.<\/p>\n<p><b>Hijyen ve g\u0131da g\u00fcvenli\u011fi<\/b>\u00a0standartlar\u0131m\u0131z en \u00fcst d\u00fczeydedir. \u00dcretimin her a\u015famas\u0131, uluslararas\u0131 ge\u00e7erlili\u011fe sahip sertifikalarla g\u00fcvence alt\u0131na al\u0131nm\u0131\u015ft\u0131r.<\/p>\n<p>S\u0131cak f\u0131r\u0131nlardan \u00e7\u0131kan taze kuruyemi\u015flerimiz, tazeliklerini uzun s\u00fcre koruyacak \u015fekilde,\u00a0<b>hava almayacak \u00f6zel ambalajlara<\/b>\u00a0h\u0131zla paketlenir.<\/p>\n<p>Gold \u00c7erezim, sadece bir marka de\u011fil, tazeli\u011fi ve lezzeti bir araya getiren bir\u00a0<b>\u00fcretim felsefesidir<\/b>.<\/p>\n<p>T\u00fcketti\u011finiz her pakette, bu \u00f6zenli eme\u011fin ve taze imalat\u0131n fark\u0131n\u0131 hissedeceksiniz.<\/p>\n","protected":false},"excerpt":{"rendered":"<p>Gold \u00c7erezim olarak, sizlere sundu\u011fumuz her bir kuruyemi\u015f tanesinin, do\u011fan\u0131n bize bah\u015fetti\u011fi\u00a0en taze ve en lezzetli\u00a0haliyle sofran\u0131za ula\u015fmas\u0131 i\u00e7in titizlikle \u00e7al\u0131\u015f\u0131yoruz. \u0130malat s\u00fcrecimiz, tazelik ve kaliteyi esas alan, geleneksel y\u00f6ntemlerle modern teknolojinin harmanland\u0131\u011f\u0131 \u00f6zel bir yolculuktur. \u00d6ncelikle, d\u00fcnyan\u0131n d\u00f6rt bir yan\u0131ndan gelen\u00a0en kaliteli Kuruyemi\u015fler\u00a0\u00f6zenle se\u00e7ilir. Her \u00fcr\u00fcn, alan\u0131nda uzman ekibimiz taraf\u0131ndan s\u0131k\u0131 kalite kontrol testlerinden [&hellip;]<\/p>\n","protected":false},"author":1,"featured_media":0,"parent":0,"menu_order":0,"comment_status":"closed","ping_status":"closed","template":"","meta":{"footnotes":""},"class_list":["post-81","page","type-page","status-publish","hentry"],"_links":{"self":[{"href":"https:\/\/goldcerezim.com\/index.php\/wp-json\/wp\/v2\/pages\/81","targetHints":{"allow":["GET"]}}],"collection":[{"href":"https:\/\/goldcerezim.com\/index.php\/wp-json\/wp\/v2\/pages"}],"about":[{"href":"https:\/\/goldcerezim.com\/index.php\/wp-json\/wp\/v2\/types\/page"}],"author":[{"embeddable":true,"href":"https:\/\/goldcerezim.com\/index.php\/wp-json\/wp\/v2\/users\/1"}],"replies":[{"embeddable":true,"href":"https:\/\/goldcerezim.com\/index.php\/wp-json\/wp\/v2\/comments?post=81"}],"version-history":[{"count":7,"href":"https:\/\/goldcerezim.com\/index.php\/wp-json\/wp\/v2\/pages\/81\/revisions"}],"predecessor-version":[{"id":119,"href":"https:\/\/goldcerezim.com\/index.php\/wp-json\/wp\/v2\/pages\/81\/revisions\/119"}],"wp:attachment":[{"href":"https:\/\/goldcerezim.com\/index.php\/wp-json\/wp\/v2\/media?parent=81"}],"curies":[{"name":"wp","href":"https:\/\/api.w.org\/{rel}","templated":true}]}}