{"id":83,"date":"2025-11-04T20:49:25","date_gmt":"2025-11-04T20:49:25","guid":{"rendered":"https:\/\/goldcerezim.com\/?page_id=83"},"modified":"2025-12-13T01:13:20","modified_gmt":"2025-12-13T01:13:20","slug":"hikayemiz","status":"publish","type":"page","link":"https:\/\/goldcerezim.com\/index.php\/hikayemiz\/","title":{"rendered":"Hikayemiz"},"content":{"rendered":"<h1>Gold \u00c7erezim\u2019in Hik\u00e2yesi<\/h1>\n<p>\t\t\t\t\t\t\t\t\t\t\t\t\t\t\t<img loading=\"lazy\" decoding=\"async\" width=\"768\" height=\"512\" src=\"https:\/\/goldcerezim.com\/wp-content\/uploads\/2025\/12\/dfe7d897b3-768x512.jpg\" alt=\"\" srcset=\"https:\/\/goldcerezim.com\/wp-content\/uploads\/2025\/12\/dfe7d897b3-768x512.jpg 768w, https:\/\/goldcerezim.com\/wp-content\/uploads\/2025\/12\/dfe7d897b3-300x200.jpg 300w, https:\/\/goldcerezim.com\/wp-content\/uploads\/2025\/12\/dfe7d897b3-600x400.jpg 600w, https:\/\/goldcerezim.com\/wp-content\/uploads\/2025\/12\/dfe7d897b3.jpg 1000w\" sizes=\"auto, (max-width: 768px) 100vw, 768px\" \/>\t\t\t\t\t\t\t\t\t\t\t\t\t<\/p>\n<p data-start=\"146\" data-end=\"391\">Her \u015fey, iyi kuruyemi\u015fin sadece bir at\u0131\u015ft\u0131rmal\u0131k de\u011fil, ayn\u0131 zamanda bir <strong data-start=\"219\" data-end=\"239\">payla\u015f\u0131m k\u00fclt\u00fcr\u00fc<\/strong> oldu\u011funa inanmakla ba\u015flad\u0131.<br data-start=\"267\" data-end=\"270\" \/>Gold \u00c7erezim, bu inan\u00e7la; do\u011fall\u0131\u011f\u0131, tazeli\u011fi ve \u00f6zeni bir araya getirerek sofralara ger\u00e7ek lezzeti ta\u015f\u0131mak i\u00e7in kuruldu.<\/p>\n<p data-start=\"393\" data-end=\"645\">Topra\u011f\u0131n bereketinden gelen en se\u00e7kin f\u0131st\u0131klar, bademler, f\u0131nd\u0131klar ve \u00e7ekirdekler; uzman ellerde titizlikle se\u00e7ildi. Her \u00fcr\u00fcn, kavrulmadan paketlenene kadar ayn\u0131 \u00f6zenle takip edildi. \u00c7\u00fcnk\u00fc Gold \u00c7erezim i\u00e7in lezzet, tesad\u00fcf de\u011fil <strong data-start=\"624\" data-end=\"644\">eme\u011fin sonucuydu<\/strong>.<\/p>\n<p data-start=\"647\" data-end=\"858\">Misafirliklerde ikram edilen bir tabakta, aile sohbetlerinde payla\u015f\u0131lan bir avu\u00e7 kuruyemi\u015fte, dost meclislerinde a\u00e7\u0131lan her pakette ayn\u0131 hedef vard\u0131:<br data-start=\"796\" data-end=\"799\" \/><strong data-start=\"799\" data-end=\"858\">G\u00fcvenle t\u00fcketilen, keyifle payla\u015f\u0131lan lezzetler sunmak.<\/strong><\/p>\n<p data-start=\"860\" data-end=\"1051\">Gold \u00c7erezim, geleneksel kuruyemi\u015f k\u00fclt\u00fcr\u00fcn\u00fc modern \u00fcretim anlay\u0131\u015f\u0131yla bulu\u015fturdu. Do\u011fall\u0131ktan \u00f6d\u00fcn vermeden, kalite standartlar\u0131n\u0131 y\u00fckselterek her damak tad\u0131na hitap eden \u00fcr\u00fcnler geli\u015ftirdi.<\/p>\n<p data-start=\"1053\" data-end=\"1193\">Bug\u00fcn Gold \u00c7erezim, sadece kuruyemi\u015f satan bir marka de\u011fil;<br data-start=\"1112\" data-end=\"1115\" \/><strong data-start=\"1115\" data-end=\"1193\">an\u0131lar\u0131n\u0131za e\u015flik eden, sofralar\u0131n\u0131za de\u011fer katan bir lezzet yolculu\u011fudur.<\/strong><\/p>\n<p data-start=\"1195\" data-end=\"1259\">\u00c7\u00fcnk\u00fc biz biliyoruz ki,<br data-start=\"1218\" data-end=\"1221\" \/>Ger\u00e7ek lezzet <strong data-start=\"1235\" data-end=\"1259\">payla\u015ft\u0131k\u00e7a \u00e7o\u011fal\u0131r.<\/strong><\/p>\n","protected":false},"excerpt":{"rendered":"<p>Gold \u00c7erezim\u2019in Hik\u00e2yesi Her \u015fey, iyi kuruyemi\u015fin sadece bir at\u0131\u015ft\u0131rmal\u0131k de\u011fil, ayn\u0131 zamanda bir payla\u015f\u0131m k\u00fclt\u00fcr\u00fc oldu\u011funa inanmakla ba\u015flad\u0131.Gold \u00c7erezim, bu inan\u00e7la; do\u011fall\u0131\u011f\u0131, tazeli\u011fi ve \u00f6zeni bir araya getirerek sofralara ger\u00e7ek lezzeti ta\u015f\u0131mak i\u00e7in kuruldu. Topra\u011f\u0131n bereketinden gelen en se\u00e7kin f\u0131st\u0131klar, bademler, f\u0131nd\u0131klar ve \u00e7ekirdekler; uzman ellerde titizlikle se\u00e7ildi. Her \u00fcr\u00fcn, kavrulmadan paketlenene kadar ayn\u0131 [&hellip;]<\/p>\n","protected":false},"author":1,"featured_media":0,"parent":0,"menu_order":0,"comment_status":"closed","ping_status":"closed","template":"","meta":{"footnotes":""},"class_list":["post-83","page","type-page","status-publish","hentry"],"_links":{"self":[{"href":"https:\/\/goldcerezim.com\/index.php\/wp-json\/wp\/v2\/pages\/83","targetHints":{"allow":["GET"]}}],"collection":[{"href":"https:\/\/goldcerezim.com\/index.php\/wp-json\/wp\/v2\/pages"}],"about":[{"href":"https:\/\/goldcerezim.com\/index.php\/wp-json\/wp\/v2\/types\/page"}],"author":[{"embeddable":true,"href":"https:\/\/goldcerezim.com\/index.php\/wp-json\/wp\/v2\/users\/1"}],"replies":[{"embeddable":true,"href":"https:\/\/goldcerezim.com\/index.php\/wp-json\/wp\/v2\/comments?post=83"}],"version-history":[{"count":4,"href":"https:\/\/goldcerezim.com\/index.php\/wp-json\/wp\/v2\/pages\/83\/revisions"}],"predecessor-version":[{"id":124,"href":"https:\/\/goldcerezim.com\/index.php\/wp-json\/wp\/v2\/pages\/83\/revisions\/124"}],"wp:attachment":[{"href":"https:\/\/goldcerezim.com\/index.php\/wp-json\/wp\/v2\/media?parent=83"}],"curies":[{"name":"wp","href":"https:\/\/api.w.org\/{rel}","templated":true}]}}